{"id":1186,"date":"2018-08-06T07:32:35","date_gmt":"2018-08-06T06:32:35","guid":{"rendered":"http:\/\/192.168.1.151\/index.php\/setkani-talentovane-mladeze-2018\/"},"modified":"2018-08-06T07:32:35","modified_gmt":"2018-08-06T06:32:35","slug":"setkani-talentovane-mladeze-2018","status":"publish","type":"page","link":"https:\/\/jzm.lmklouny.net\/index.php\/setkani-talentovane-mladeze-2018\/","title":{"rendered":"Setk\u00e1n\u00ed talentovan\u00e9 ml\u00e1de\u017ee 2018"},"content":{"rendered":"ngg_shortcode_0_placeholder\n","protected":false},"excerpt":{"rendered":"<div class=\"mh-excerpt\"><\/div>","protected":false},"author":1,"featured_media":0,"parent":0,"menu_order":0,"comment_status":"closed","ping_status":"closed","template":"","meta":{"ngg_post_thumbnail":0,"footnotes":""},"class_list":["post-1186","page","type-page","status-publish","hentry"],"_links":{"self":[{"href":"https:\/\/jzm.lmklouny.net\/index.php\/wp-json\/wp\/v2\/pages\/1186","targetHints":{"allow":["GET"]}}],"collection":[{"href":"https:\/\/jzm.lmklouny.net\/index.php\/wp-json\/wp\/v2\/pages"}],"about":[{"href":"https:\/\/jzm.lmklouny.net\/index.php\/wp-json\/wp\/v2\/types\/page"}],"author":[{"embeddable":true,"href":"https:\/\/jzm.lmklouny.net\/index.php\/wp-json\/wp\/v2\/users\/1"}],"replies":[{"embeddable":true,"href":"https:\/\/jzm.lmklouny.net\/index.php\/wp-json\/wp\/v2\/comments?post=1186"}],"version-history":[{"count":1,"href":"https:\/\/jzm.lmklouny.net\/index.php\/wp-json\/wp\/v2\/pages\/1186\/revisions"}],"predecessor-version":[{"id":1190,"href":"https:\/\/jzm.lmklouny.net\/index.php\/wp-json\/wp\/v2\/pages\/1186\/revisions\/1190"}],"wp:attachment":[{"href":"https:\/\/jzm.lmklouny.net\/index.php\/wp-json\/wp\/v2\/media?parent=1186"}],"curies":[{"name":"wp","href":"https:\/\/api.w.org\/{rel}","templated":true}]}}